{"id":1106,"date":"2025-03-15T14:31:44","date_gmt":"2025-03-15T13:31:44","guid":{"rendered":"https:\/\/peperosellphoto.es\/?page_id=1106"},"modified":"2025-04-16T23:53:05","modified_gmt":"2025-04-16T21:53:05","slug":"contacto","status":"publish","type":"page","link":"https:\/\/peperosellphoto.es\/index.php\/contacto\/","title":{"rendered":"Contacto"},"content":{"rendered":"<style>.kb-row-layout-id1106_00ecea-eb > .kt-row-column-wrap{align-content:start;}:where(.kb-row-layout-id1106_00ecea-eb > .kt-row-column-wrap) > .wp-block-kadence-column{justify-content:start;}.kb-row-layout-id1106_00ecea-eb > .kt-row-column-wrap{column-gap:64px;row-gap:var(--global-kb-gap-md, 2rem);max-width:1611px;margin-left:auto;margin-right:auto;padding-top:100px;padding-bottom:100px;grid-template-columns:repeat(2, minmax(0, 1fr));}.kb-row-layout-id1106_00ecea-eb{border-top-left-radius:10px;border-top-right-radius:10px;border-bottom-right-radius:10px;border-bottom-left-radius:10px;overflow:clip;isolation:isolate;}.kb-row-layout-id1106_00ecea-eb > .kt-row-layout-overlay{border-top-left-radius:10px;border-top-right-radius:10px;border-bottom-right-radius:10px;border-bottom-left-radius:10px;}.kb-row-layout-id1106_00ecea-eb{background-image:url('https:\/\/peperosellphoto.es\/wp-content\/uploads\/2025\/04\/PXL_20250413_104041343.RAW-01.COVER_.jpg');background-size:cover;background-position:50% 56.00000000000001%;background-attachment:scroll;background-repeat:no-repeat;}.kb-row-layout-id1106_00ecea-eb > .kt-row-layout-overlay{opacity:0.80;background-color:var(--global-palette9, #ffffff);}.kb-row-layout-id1106_00ecea-eb .kt-row-layout-bottom-sep{height:54px;}.kb-row-layout-id1106_00ecea-eb .kt-row-layout-bottom-sep svg{width:100%;}.kb-row-layout-id1106_00ecea-eb .kt-row-layout-bottom-sep svg{fill:var(--global-palette2, #2B6CB0)!important;}@media all and (max-width: 1024px){.kb-row-layout-id1106_00ecea-eb > .kt-row-column-wrap{padding-top:80px;padding-bottom:80px;grid-template-columns:repeat(2, minmax(0, 1fr));}}@media all and (max-width: 1024px){.kb-row-layout-id1106_00ecea-eb .kt-row-layout-bottom-sep{height:px;}}@media all and (max-width: 1024px){.kb-row-layout-id1106_00ecea-eb .kt-row-layout-bottom-sep svg{width:%;}}@media all and (max-width: 767px){.kb-row-layout-id1106_00ecea-eb > .kt-row-column-wrap{padding-top:0px;grid-template-columns:minmax(0, 1fr);}.kb-row-layout-id1106_00ecea-eb .kt-row-layout-bottom-sep{height:px;}.kb-row-layout-id1106_00ecea-eb .kt-row-layout-bottom-sep svg{width:%;}}<\/style><div class=\"kb-row-layout-wrap kb-row-layout-id1106_00ecea-eb alignnone kt-row-has-bg wp-block-kadence-rowlayout\"><div class=\"kt-row-layout-overlay kt-row-overlay-normal\"><\/div><div class=\"kt-row-column-wrap kt-has-2-columns kt-row-layout-equal kt-tab-layout-inherit kt-mobile-layout-row kt-row-valign-top\">\n<style>.kadence-column1106_b79793-46 > .kt-inside-inner-col{border-top:30px solid transparent;border-right:30px solid transparent;border-bottom:30px solid transparent;border-left:30px solid transparent;}.kadence-column1106_b79793-46 > .kt-inside-inner-col,.kadence-column1106_b79793-46 > .kt-inside-inner-col:before{border-top-left-radius:200px;border-top-right-radius:200px;border-bottom-right-radius:200px;border-bottom-left-radius:200px;}.kadence-column1106_b79793-46 > .kt-inside-inner-col{column-gap:var(--global-kb-gap-sm, 1rem);}.kadence-column1106_b79793-46 > .kt-inside-inner-col{flex-direction:column;}.kadence-column1106_b79793-46 > .kt-inside-inner-col > .aligncenter{width:100%;}.kadence-column1106_b79793-46 > .kt-inside-inner-col:before{opacity:0.3;}.kadence-column1106_b79793-46{position:relative;}@media all and (max-width: 1024px){.kadence-column1106_b79793-46 > .kt-inside-inner-col{border-top:30px solid transparent;border-right:30px solid transparent;border-bottom:30px solid transparent;border-left:30px solid transparent;flex-direction:column;justify-content:center;}}@media all and (max-width: 767px){.kadence-column1106_b79793-46 > .kt-inside-inner-col{border-top:30px solid transparent;border-right:30px solid transparent;border-bottom:30px solid transparent;border-left:30px solid transparent;flex-direction:column;justify-content:center;}}<\/style>\n<div class=\"wp-block-kadence-column kadence-column1106_b79793-46 kvs-sm-false inner-column-1\"><div class=\"kt-inside-inner-col\"><style>.wp-block-kadence-advancedheading.kt-adv-heading1106_c3e633-e6, .wp-block-kadence-advancedheading.kt-adv-heading1106_c3e633-e6[data-kb-block=\"kb-adv-heading1106_c3e633-e6\"]{max-width:1597px;margin-right:auto;margin-left:auto;padding-top:0px;margin-top:0px;text-align:center;font-size:40px;line-height:75px;font-style:normal;}.wp-block-kadence-advancedheading.kt-adv-heading1106_c3e633-e6 mark.kt-highlight, .wp-block-kadence-advancedheading.kt-adv-heading1106_c3e633-e6[data-kb-block=\"kb-adv-heading1106_c3e633-e6\"] mark.kt-highlight{font-style:normal;color:#f76a0c;-webkit-box-decoration-break:clone;box-decoration-break:clone;padding-top:0px;padding-right:0px;padding-bottom:0px;padding-left:0px;}@media all and (max-width: 767px){.wp-block-kadence-advancedheading.kt-adv-heading1106_c3e633-e6, .wp-block-kadence-advancedheading.kt-adv-heading1106_c3e633-e6[data-kb-block=\"kb-adv-heading1106_c3e633-e6\"]{font-size:34px;line-height:45px;}}<\/style>\n<h2 class=\"kt-adv-heading1106_c3e633-e6 wp-block-kadence-advancedheading\" data-kb-block=\"kb-adv-heading1106_c3e633-e6\">Alguna pregunta o comentario? <\/h2>\n\n\n<style id=\"wpforms-css-vars-2046-block-34c9a4b4-0c9f-4be9-8c4f-a78cce9d6ee6\">\n\t\t\t\t#wpforms-2046.wpforms-block-34c9a4b4-0c9f-4be9-8c4f-a78cce9d6ee6 {\n\t\t\t\t--wpforms-button-background-color: var(--global-palette1);\n--wpforms-field-size-input-height: 43px;\n--wpforms-field-size-input-spacing: 15px;\n--wpforms-field-size-font-size: 16px;\n--wpforms-field-size-line-height: 19px;\n--wpforms-field-size-padding-h: 14px;\n--wpforms-field-size-checkbox-size: 16px;\n--wpforms-field-size-sublabel-spacing: 5px;\n--wpforms-field-size-icon-size: 1;\n--wpforms-label-size-font-size: 16px;\n--wpforms-label-size-line-height: 19px;\n--wpforms-label-size-sublabel-font-size: 14px;\n--wpforms-label-size-sublabel-line-height: 17px;\n--wpforms-button-size-font-size: 17px;\n--wpforms-button-size-height: 41px;\n--wpforms-button-size-padding-h: 15px;\n--wpforms-button-size-margin-top: 10px;\n\t\t\t}\n\t\t\t<\/style><div class=\"wpforms-container wpforms-container-full wpforms-block wpforms-block-34c9a4b4-0c9f-4be9-8c4f-a78cce9d6ee6 wpforms-render-modern\" id=\"wpforms-2046\"><form id=\"wpforms-form-2046\" class=\"wpforms-validate wpforms-form wpforms-ajax-form\" data-formid=\"2046\" method=\"post\" enctype=\"multipart\/form-data\" action=\"\/index.php\/wp-json\/wp\/v2\/pages\/1106\" data-token=\"7236fb5b922e51a2db747a1ee6b73a6e\" data-token-time=\"1776778743\"><noscript class=\"wpforms-error-noscript\">Por favor, activa JavaScript en tu navegador para completar este formulario.<\/noscript><div id=\"wpforms-error-noscript\" style=\"display: none;\">Por favor, activa JavaScript en tu navegador para completar este formulario.<\/div><div class=\"wpforms-field-container\"><div id=\"wpforms-2046-field_1-container\" class=\"wpforms-field wpforms-field-name\" data-field-id=\"1\"><label class=\"wpforms-field-label\" for=\"wpforms-2046-field_1\">Nombre <span class=\"wpforms-required-label\" aria-hidden=\"true\">*<\/span><\/label><input type=\"text\" id=\"wpforms-2046-field_1\" class=\"wpforms-field-medium wpforms-field-required\" name=\"wpforms[fields][1]\" aria-errormessage=\"wpforms-2046-field_1-error\" required><\/div>\t\t<div id=\"wpforms-2046-field_4-container\"\n\t\t\tclass=\"wpforms-field wpforms-field-text\"\n\t\t\tdata-field-type=\"text\"\n\t\t\tdata-field-id=\"4\"\n\t\t\t>\n\t\t\t<label class=\"wpforms-field-label\" for=\"wpforms-2046-field_4\" >Nombre o comentario?<\/label>\n\t\t\t<input type=\"text\" id=\"wpforms-2046-field_4\" class=\"wpforms-field-medium\" name=\"wpforms[fields][4]\" >\n\t\t<\/div>\n\t\t<div id=\"wpforms-2046-field_2-container\" class=\"wpforms-field wpforms-field-email\" data-field-id=\"2\"><label class=\"wpforms-field-label\" for=\"wpforms-2046-field_2\">Email <span class=\"wpforms-required-label\" aria-hidden=\"true\">*<\/span><\/label><input type=\"email\" id=\"wpforms-2046-field_2\" class=\"wpforms-field-medium wpforms-field-required\" name=\"wpforms[fields][2]\" spellcheck=\"false\" aria-errormessage=\"wpforms-2046-field_2-error\" required><\/div><div id=\"wpforms-2046-field_3-container\" class=\"wpforms-field wpforms-field-textarea\" data-field-id=\"3\"><label class=\"wpforms-field-label\" for=\"wpforms-2046-field_3\">Pregunta o comentario?<\/label><textarea id=\"wpforms-2046-field_3\" class=\"wpforms-field-medium\" name=\"wpforms[fields][3]\" aria-errormessage=\"wpforms-2046-field_3-error\" ><\/textarea><\/div><script>\n\t\t\t\t( function() {\n\t\t\t\t\tconst style = document.createElement( 'style' );\n\t\t\t\t\tstyle.appendChild( document.createTextNode( '#wpforms-2046-field_4-container { position: absolute !important; overflow: hidden !important; display: inline !important; height: 1px !important; width: 1px !important; z-index: -1000 !important; padding: 0 !important; } #wpforms-2046-field_4-container input { visibility: hidden; } #wpforms-conversational-form-page #wpforms-2046-field_4-container label { counter-increment: none; }' ) );\n\t\t\t\t\tdocument.head.appendChild( style );\n\t\t\t\t\tdocument.currentScript?.remove();\n\t\t\t\t} )();\n\t\t\t<\/script><\/div><!-- .wpforms-field-container --><div class=\"wpforms-submit-container\" ><input type=\"hidden\" name=\"wpforms[id]\" value=\"2046\"><input type=\"hidden\" name=\"page_title\" value=\"\"><input type=\"hidden\" name=\"page_url\" value=\"https:\/\/peperosellphoto.es\/index.php\/wp-json\/wp\/v2\/pages\/1106\"><input type=\"hidden\" name=\"url_referer\" value=\"\"><button type=\"submit\" name=\"wpforms[submit]\" id=\"wpforms-submit-2046\" class=\"wpforms-submit\" data-alt-text=\"Enviando...\" data-submit-text=\"Enviar\" aria-live=\"assertive\" value=\"wpforms-submit\">Enviar<\/button><img loading=\"lazy\" decoding=\"async\" src=\"https:\/\/peperosellphoto.es\/wp-content\/plugins\/wpforms-lite\/assets\/images\/submit-spin.svg\" class=\"wpforms-submit-spinner\" style=\"display: none;\" width=\"26\" height=\"26\" alt=\"Cargando\"><\/div><\/form><\/div>  <!-- .wpforms-container --><\/div><\/div>\n\n\n<style>.kadence-column1106_10d3da-61 > .kt-inside-inner-col{border-top:30px solid transparent;border-right:30px solid transparent;border-bottom:30px solid transparent;border-left:30px solid transparent;}.kadence-column1106_10d3da-61 > .kt-inside-inner-col,.kadence-column1106_10d3da-61 > .kt-inside-inner-col:before{border-top-left-radius:200px;border-top-right-radius:200px;border-bottom-right-radius:200px;border-bottom-left-radius:200px;}.kadence-column1106_10d3da-61 > .kt-inside-inner-col{column-gap:var(--global-kb-gap-sm, 1rem);}.kadence-column1106_10d3da-61 > .kt-inside-inner-col{flex-direction:column;}.kadence-column1106_10d3da-61 > .kt-inside-inner-col > .aligncenter{width:100%;}.kadence-column1106_10d3da-61 > .kt-inside-inner-col:before{opacity:0.3;}.kadence-column1106_10d3da-61{position:relative;}@media all and (max-width: 1024px){.kadence-column1106_10d3da-61 > .kt-inside-inner-col{border-top:30px solid transparent;border-right:30px solid transparent;border-bottom:30px solid transparent;border-left:30px solid transparent;flex-direction:column;justify-content:center;}}@media all and (max-width: 767px){.kadence-column1106_10d3da-61 > .kt-inside-inner-col{border-top:30px solid transparent;border-right:30px solid transparent;border-bottom:30px solid transparent;border-left:30px solid transparent;flex-direction:column;justify-content:center;}}<\/style>\n<div class=\"wp-block-kadence-column kadence-column1106_10d3da-61 kvs-sm-false inner-column-1\"><div class=\"kt-inside-inner-col\"><style>.wp-block-kadence-advancedheading.kt-adv-heading1106_223386-e4, .wp-block-kadence-advancedheading.kt-adv-heading1106_223386-e4[data-kb-block=\"kb-adv-heading1106_223386-e4\"]{max-width:1597px;margin-right:auto;margin-left:auto;padding-top:0px;margin-top:0px;text-align:center;font-size:40px;line-height:75px;font-style:normal;}.wp-block-kadence-advancedheading.kt-adv-heading1106_223386-e4 mark.kt-highlight, .wp-block-kadence-advancedheading.kt-adv-heading1106_223386-e4[data-kb-block=\"kb-adv-heading1106_223386-e4\"] mark.kt-highlight{font-style:normal;color:#f76a0c;-webkit-box-decoration-break:clone;box-decoration-break:clone;padding-top:0px;padding-right:0px;padding-bottom:0px;padding-left:0px;}@media all and (max-width: 767px){.wp-block-kadence-advancedheading.kt-adv-heading1106_223386-e4, .wp-block-kadence-advancedheading.kt-adv-heading1106_223386-e4[data-kb-block=\"kb-adv-heading1106_223386-e4\"]{font-size:34px;line-height:45px;}}<\/style>\n<h4 class=\"kt-adv-heading1106_223386-e4 wp-block-kadence-advancedheading\" data-kb-block=\"kb-adv-heading1106_223386-e4\">Suscribete a la lista de correo.<\/h4>\n\n\n\n\t\t\t<form id=\"sib_signup_form_1\" method=\"post\" class=\"sib_signup_form\">\n\t\t\t\t<div class=\"sib_loader\" style=\"display:none;\"><img\n\t\t\t\t\t\t\tsrc=\"https:\/\/peperosellphoto.es\/wp-includes\/images\/spinner.gif\" alt=\"loader\"><\/div>\n\t\t\t\t<input type=\"hidden\" name=\"sib_form_action\" value=\"subscribe_form_submit\">\n\t\t\t\t<input type=\"hidden\" name=\"sib_form_id\" value=\"1\">\n                <input type=\"hidden\" name=\"sib_form_alert_notice\" value=\"Campo obligatiorio.\">\n                <input type=\"hidden\" name=\"sib_form_invalid_email_notice\" value=\"Email inv\u00e1lido.\">\n                <input type=\"hidden\" name=\"sib_security\" value=\"f96d1f24ba\">\n\t\t\t\t<div class=\"sib_signup_box_inside_1\">\n\t\t\t\t\t<div style=\"\/*display:none*\/\" class=\"sib_msg_disp\">\n\t\t\t\t\t<\/div>\n                    \t\t\t\t\t<p><strong>Nombre<\/strong> <strong> *<\/strong><\/p>\r\n\r\n<p class=\"sib-FIRSTNAME-area\"> \r\n    <input type=\"text\" class=\"sib-FIRSTNAME-area\" name=\"FIRSTNAME\" placeholder=\"\" value=\"\" required=\"required\"> \r\n<\/p>\r\n\r\n<p><strong>Email <\/strong> <strong> *<\/strong><\/p>\r\n\r\n<p class=\"sib-email-area\"> \r\n    \r\n    <input type=\"email\" class=\"sib-email-area\" name=\"email\" placeholder=\"\" value=\"\" required=\"required\"> \r\n<\/p>\r\n\r\n<input type=\"checkbox\" name=\"terms\" required=\"required\"> Acepto los <a href=\"https:\/\/peperosellphoto.es\/index.php\/aviso-legal\/\">t\u00e9rminos y condiciones<\/a> \r\n\r\n<p>Tu direcci\u00f3n de correo s\u00f3lo se usar\u00e1 para el env\u00edo de noticias de <em><strong>peperosellphoto - Fotograf\u00eda y m\u00e1s<\/strong><\/em>  y no ser\u00e1 utilizado con fines comerciales.<\/p>\r\n\r\n<p>\r\n    <input type=\"submit\" class=\"sib-default-btn\" value=\"Enviar\">\r\n<\/p>\r\n\t\t\t\t<\/div>\n\t\t\t<\/form>\n\t\t\t<style>\n\t\t\t\tform#sib_signup_form_1 p.sib-alert-message {\n    padding: 6px 12px;\n    margin-bottom: 20px;\n    border: 1px solid transparent;\n    border-radius: 4px;\n    -webkit-box-sizing: border-box;\n    -moz-box-sizing: border-box;\n    box-sizing: border-box;\n}\nform#sib_signup_form_1 p.sib-alert-message-error {\n    background-color: #f2dede;\n    border-color: #ebccd1;\n    color: #a94442;\n}\nform#sib_signup_form_1 p.sib-alert-message-success {\n    background-color: #dff0d8;\n    border-color: #d6e9c6;\n    color: #3c763d;\n}\nform#sib_signup_form_1 p.sib-alert-message-warning {\n    background-color: #fcf8e3;\n    border-color: #faebcc;\n    color: #8a6d3b;\n}\n\t\t\t<\/style>\n\t\t\t\n<\/div><\/div>\n\n\n<style>.kadence-column1106_196b18-bc > .kt-inside-inner-col,.kadence-column1106_196b18-bc > .kt-inside-inner-col:before{border-top-left-radius:0px;border-top-right-radius:0px;border-bottom-right-radius:0px;border-bottom-left-radius:0px;}.kadence-column1106_196b18-bc > .kt-inside-inner-col{column-gap:var(--global-kb-gap-sm, 1rem);}.kadence-column1106_196b18-bc > .kt-inside-inner-col{flex-direction:column;}.kadence-column1106_196b18-bc > .kt-inside-inner-col > .aligncenter{width:100%;}.kadence-column1106_196b18-bc > .kt-inside-inner-col:before{opacity:0.3;}.kadence-column1106_196b18-bc{position:relative;}@media all and (max-width: 1024px){.kadence-column1106_196b18-bc > .kt-inside-inner-col{flex-direction:column;justify-content:center;}}@media all and (max-width: 767px){.kadence-column1106_196b18-bc > .kt-inside-inner-col{flex-direction:column;justify-content:center;}}<\/style>\n<div class=\"wp-block-kadence-column kadence-column1106_196b18-bc\"><div class=\"kt-inside-inner-col\"><\/div><\/div>\n\n<\/div><\/div>\n\n\n<p><\/p>\n","protected":false},"excerpt":{"rendered":"<p>Alguna pregunta o comentario? Suscribete a la lista de correo.<\/p>\n","protected":false},"author":1,"featured_media":0,"parent":0,"menu_order":0,"comment_status":"closed","ping_status":"closed","template":"","meta":{"_kadence_starter_templates_imported_post":false,"_kad_post_transparent":"","_kad_post_title":"","_kad_post_layout":"normal","_kad_post_sidebar_id":"","_kad_post_content_style":"","_kad_post_vertical_padding":"","_kad_post_feature":"","_kad_post_feature_position":"","_kad_post_header":false,"_kad_post_footer":false,"_kad_post_classname":"","footnotes":""},"class_list":["post-1106","page","type-page","status-publish","hentry"],"_links":{"self":[{"href":"https:\/\/peperosellphoto.es\/index.php\/wp-json\/wp\/v2\/pages\/1106","targetHints":{"allow":["GET"]}}],"collection":[{"href":"https:\/\/peperosellphoto.es\/index.php\/wp-json\/wp\/v2\/pages"}],"about":[{"href":"https:\/\/peperosellphoto.es\/index.php\/wp-json\/wp\/v2\/types\/page"}],"author":[{"embeddable":true,"href":"https:\/\/peperosellphoto.es\/index.php\/wp-json\/wp\/v2\/users\/1"}],"replies":[{"embeddable":true,"href":"https:\/\/peperosellphoto.es\/index.php\/wp-json\/wp\/v2\/comments?post=1106"}],"version-history":[{"count":13,"href":"https:\/\/peperosellphoto.es\/index.php\/wp-json\/wp\/v2\/pages\/1106\/revisions"}],"predecessor-version":[{"id":2120,"href":"https:\/\/peperosellphoto.es\/index.php\/wp-json\/wp\/v2\/pages\/1106\/revisions\/2120"}],"wp:attachment":[{"href":"https:\/\/peperosellphoto.es\/index.php\/wp-json\/wp\/v2\/media?parent=1106"}],"curies":[{"name":"wp","href":"https:\/\/api.w.org\/{rel}","templated":true}]}}