{"id":780,"date":"2015-02-27T06:27:19","date_gmt":"2015-02-27T06:27:19","guid":{"rendered":"http:\/\/peperosellphoto.wordpress.com\/?page_id=1"},"modified":"2025-04-16T22:55:36","modified_gmt":"2025-04-16T20:55:36","slug":"acerca-de-mi","status":"publish","type":"page","link":"https:\/\/peperosellphoto.es\/index.php\/acerca-de-mi\/","title":{"rendered":"Acerca de mi"},"content":{"rendered":"\n<h1 class=\"wp-block-heading has-text-align-center\"><em><strong>Bienvenido a mi p\u00e1gina,  peperosellphoto &#8211; Fotograf\u00eda y m\u00e1s<\/strong>.<\/em><\/h1>\n\n\n\n<hr class=\"wp-block-separator has-alpha-channel-opacity\"\/>\n\n\n\n<p><\/p>\n\n\n\n<p class=\"has-text-align-center\"><em>La p\u00e1gina que est\u00e1s visitando tiene como principal objetivo mostrar<\/em><em>\u00a0mi trabajo como fot\u00f3grafo, <\/em><\/p>\n\n\n\n<p class=\"has-text-align-center\"><em>Sin embargo\u00a0la web\u00a0se llama <strong>Fotograf\u00eda y m\u00e1s<\/strong>, y en ese \u00abm\u00e1s\u00bb espero dar cabida a otras cosas, tecnolog\u00eda, vida social, viajes, senderismo, monta\u00f1a, gastronom\u00eda&#8230;&#8230;cualquier cosa que me parezca interesante contar.<\/em><\/p>\n\n\n\n<p class=\"has-text-align-center\"><em>Espero que te guste.<\/em><\/p>\n\n\n\n<hr class=\"wp-block-separator has-alpha-channel-opacity\"\/>\n\n\n\n<p><\/p>\n\n\n\n<p>Mi nombre es Jos\u00e9 Eugenio Rosell y vivo en Madrid. Desde\u00a0siempre\u00a0he sido aficionado a\u00a0la fotograf\u00eda. Cuando era un crio, le trasteaba\u00a0a escondidas a mi padre su vieja\u00a0c\u00e1mara telem\u00e9trica Voigtl\u00e4nder para ver como funcionaba (c\u00e1mara que ahora ocupa su merecido lugar en una repisa de mi sal\u00f3n). M\u00e1s recientemente, desde el a\u00f1o 2000, me compr\u00e9 mi primera c\u00e1mara, una Nikon F80, y empec\u00e9 a realizar mis primeras fotograf\u00edas. De ah\u00ed pas\u00e9 a trabajar en digital, volv\u00ed a la fotograf\u00eda qu\u00edmica  y \u00faltimamente la mayor parte de las im\u00e1genes que realizo son astrofotograf\u00edas,<\/p>\n\n\n\n<p>Como profesi\u00f3n, trabajo en el sector de la inform\u00e1tica y las comunicaciones y soy consultor t\u00e9cnico de&nbsp;sistemas, almacenamiento de datos y backup.<\/p>\n\n\n\n<p>Si quieres contactar conmigo puedes utilizar el <a href=\"https:\/\/peperosellphoto.es\/index.php\/contacto\/\" data-type=\"page\" data-id=\"1106\">formulario de contacto<\/a> o puedes escribirme a las cuenta de correo <em>peperosell@peperosellphoto.es<\/em> o <em>peperosellphoto@gmail.com<\/em>.<\/p>\n\n\n<div class=\"wp-block-image\">\n<figure class=\"aligncenter size-large\"><a href=\"http:\/\/192.168.1.50\/wp-content\/uploads\/2015\/03\/d8a0934ps.jpg\"><img loading=\"lazy\" decoding=\"async\" width=\"400\" height=\"400\" src=\"https:\/\/peperosellphoto.es\/wp-content\/uploads\/2015\/03\/d8a0934ps.jpg\" alt=\"_D8A0934PS\" class=\"wp-image-105\"\/><\/a><\/figure>\n<\/div>\n\n\n<p><\/p>\n","protected":false},"excerpt":{"rendered":"<p>Bienvenido a mi p\u00e1gina, peperosellphoto &#8211; Fotograf\u00eda y m\u00e1s. La p\u00e1gina que est\u00e1s visitando tiene como principal objetivo mostrar\u00a0mi trabajo como fot\u00f3grafo, Sin embargo\u00a0la web\u00a0se llama Fotograf\u00eda y m\u00e1s, y en ese \u00abm\u00e1s\u00bb espero dar cabida a otras cosas, tecnolog\u00eda, vida social, viajes, senderismo, monta\u00f1a, gastronom\u00eda&#8230;&#8230;cualquier cosa que me parezca interesante contar. Espero que te&#8230;<\/p>\n","protected":false},"author":1,"featured_media":0,"parent":0,"menu_order":0,"comment_status":"closed","ping_status":"closed","template":"","meta":{"_kadence_starter_templates_imported_post":false,"_kad_post_transparent":"","_kad_post_title":"hide","_kad_post_layout":"normal","_kad_post_sidebar_id":"","_kad_post_content_style":"default","_kad_post_vertical_padding":"","_kad_post_feature":"","_kad_post_feature_position":"","_kad_post_header":false,"_kad_post_footer":false,"_kad_post_classname":"","footnotes":""},"class_list":["post-780","page","type-page","status-publish","hentry"],"_links":{"self":[{"href":"https:\/\/peperosellphoto.es\/index.php\/wp-json\/wp\/v2\/pages\/780","targetHints":{"allow":["GET"]}}],"collection":[{"href":"https:\/\/peperosellphoto.es\/index.php\/wp-json\/wp\/v2\/pages"}],"about":[{"href":"https:\/\/peperosellphoto.es\/index.php\/wp-json\/wp\/v2\/types\/page"}],"author":[{"embeddable":true,"href":"https:\/\/peperosellphoto.es\/index.php\/wp-json\/wp\/v2\/users\/1"}],"replies":[{"embeddable":true,"href":"https:\/\/peperosellphoto.es\/index.php\/wp-json\/wp\/v2\/comments?post=780"}],"version-history":[{"count":15,"href":"https:\/\/peperosellphoto.es\/index.php\/wp-json\/wp\/v2\/pages\/780\/revisions"}],"predecessor-version":[{"id":2105,"href":"https:\/\/peperosellphoto.es\/index.php\/wp-json\/wp\/v2\/pages\/780\/revisions\/2105"}],"wp:attachment":[{"href":"https:\/\/peperosellphoto.es\/index.php\/wp-json\/wp\/v2\/media?parent=780"}],"curies":[{"name":"wp","href":"https:\/\/api.w.org\/{rel}","templated":true}]}}